{"id":22897,"date":"2025-08-14T09:48:56","date_gmt":"2025-08-14T08:48:56","guid":{"rendered":"https:\/\/waterkaarten.app\/?page_id=22897"},"modified":"2025-08-15T13:23:49","modified_gmt":"2025-08-15T12:23:49","slug":"commencez-votre-essai-gratuit","status":"publish","type":"page","link":"https:\/\/waterkaarten.app\/en\/commencez-votre-essai-gratuit\/","title":{"rendered":"Commencez votre essai gratuit !"},"content":{"rendered":"\n<h2 class=\"wp-block-heading has-text-align-center\">Activez en 3 \u00e9tapes simples<\/h2>\n\n\n\n<ol class=\"wp-block-list\">\n<li>Ouvrez cette page sur votre smartphone ou votre tablette<\/li>\n\n\n\n<li>Dans l&#8217;application, appuyez sur le bouton bleu &#8216;Commencer l&#8217;essai&#8217;<\/li>\n\n\n\n<li>C&#8217;est fait ! Vous avez activ\u00e9 votre essai avec succ\u00e8s<\/li>\n<\/ol>\n\n\n\n<hr class=\"wp-block-separator has-alpha-channel-opacity\"\/>\n\n\n<div style=\"display: flex; flex-direction: column; gap: 0.5rem; flex-wrap: wrap; border-radius: 0.25rem; background-color: #f3f8fb; padding: 2rem 1rem; justify-content: center; align-items: center;\">\n<h3 class=\"wp-block-heading\" style=\"text-align: center; margin-top: 0;\">T\u00e9l\u00e9chargez l&#8217;application<\/h3>\n<div style=\"display: flex; justify-content: center; align-items: center; gap: 0.5rem; flex-wrap: wrap;\"><a href=\"https:\/\/apps.apple.com\/be\/app\/waterkaarten-voies-navigables\/id421372355?l=fr-FR\" target=\"_blank\" rel=\"noopener\"> <picture><img loading=\"lazy\" decoding=\"async\" style=\"height: 48px!important; width: 170px; object-fit: contain; margin: 0 !important;\" src=\"https:\/\/waterkaarten.app\/wp-content\/uploads\/2021\/09\/download-appstore.png\" alt=\"\" width=\"170\" height=\"48\" \/><\/picture><\/a><br \/><a href=\"https:\/\/play.google.com\/store\/apps\/details?id=nl.anwb.android.anwbwaterkaarten&amp;hl=fr\" target=\"_blank\" rel=\"noopener\"><picture><img loading=\"lazy\" decoding=\"async\" style=\"height: 48px!important; width: 170px; object-fit: contain; margin: 0 !important;\" src=\"https:\/\/waterkaarten.app\/wp-content\/uploads\/2021\/09\/download-googleplay.png\" alt=\"\" width=\"170\" height=\"48\" \/><\/picture><\/a><\/div>\n<\/div>\n<p><script><br \/>\nfunction launchApp() {<br \/>\n  var appScheme = \"anwbwtk:\/\/open\";<br \/>\n  if (navigator.userAgent.match(\/Android\/i)) {<br \/>\n    window.location.replace(appScheme);<br \/>\n    setTimeout(function() {<br \/>\n        window.location.replace(\"https:\/\/play.google.com\/store\/apps\/details?id=nl.anwb.android.anwbwaterkaarten&hl=en\");<br \/>\n    }, 500);<br \/>\n  } else if (navigator.userAgent.match(\/(iPad|iPhone|iPod)\/i)) {<br \/>\n    window.location.replace(appScheme);<br \/>\n  }<br \/>\n}<br \/>\nlaunchApp()<br \/>\n<\/script><\/p>","protected":false},"excerpt":{"rendered":"<p>Activez en 3 \u00e9tapes simples T\u00e9l\u00e9chargez l&#8217;application<\/p>\n","protected":false},"author":4,"featured_media":0,"parent":0,"menu_order":0,"comment_status":"closed","ping_status":"closed","template":"","meta":{"_acf_changed":false,"footnotes":""},"class_list":["post-22897","page","type-page","status-publish","hentry"],"acf":[],"yoast_head":"<!-- This site is optimized with the Yoast SEO plugin v27.1.1 - https:\/\/yoast.com\/product\/yoast-seo-wordpress\/ -->\n<title>Commencez votre essai gratuit ! - Waterkaarten<\/title>\n<meta name=\"robots\" content=\"index, follow, max-snippet:-1, max-image-preview:large, max-video-preview:-1\" \/>\n<link rel=\"canonical\" href=\"https:\/\/waterkaarten.app\/en\/commencez-votre-essai-gratuit\/\" \/>\n<meta property=\"og:locale\" content=\"en_US\" \/>\n<meta property=\"og:type\" content=\"article\" \/>\n<meta property=\"og:title\" content=\"Commencez votre essai gratuit ! - Waterkaarten\" \/>\n<meta property=\"og:description\" content=\"Activez en 3 \u00e9tapes simples T\u00e9l\u00e9chargez l&#8217;application\" \/>\n<meta property=\"og:url\" content=\"https:\/\/waterkaarten.app\/en\/commencez-votre-essai-gratuit\/\" \/>\n<meta property=\"og:site_name\" content=\"Waterkaarten\" \/>\n<meta property=\"article:modified_time\" content=\"2025-08-15T12:23:49+00:00\" \/>\n<meta property=\"og:image\" content=\"https:\/\/waterkaarten.app\/wp-content\/uploads\/2021\/09\/download-appstore.png\" \/>\n<meta name=\"twitter:card\" content=\"summary_large_image\" \/>\n<script type=\"application\/ld+json\" class=\"yoast-schema-graph\">{\"@context\":\"https:\/\/schema.org\",\"@graph\":[{\"@type\":\"WebPage\",\"@id\":\"https:\/\/waterkaarten.app\/en\/commencez-votre-essai-gratuit\/\",\"url\":\"https:\/\/waterkaarten.app\/en\/commencez-votre-essai-gratuit\/\",\"name\":\"Commencez votre essai gratuit ! - Waterkaarten\",\"isPartOf\":{\"@id\":\"https:\/\/waterkaarten.app\/en\/#website\"},\"primaryImageOfPage\":{\"@id\":\"https:\/\/waterkaarten.app\/en\/commencez-votre-essai-gratuit\/#primaryimage\"},\"image\":{\"@id\":\"https:\/\/waterkaarten.app\/en\/commencez-votre-essai-gratuit\/#primaryimage\"},\"thumbnailUrl\":\"https:\/\/waterkaarten.app\/wp-content\/uploads\/2021\/09\/download-appstore.png\",\"datePublished\":\"2025-08-14T08:48:56+00:00\",\"dateModified\":\"2025-08-15T12:23:49+00:00\",\"breadcrumb\":{\"@id\":\"https:\/\/waterkaarten.app\/en\/commencez-votre-essai-gratuit\/#breadcrumb\"},\"inLanguage\":\"en-US\",\"potentialAction\":[{\"@type\":\"ReadAction\",\"target\":[\"https:\/\/waterkaarten.app\/en\/commencez-votre-essai-gratuit\/\"]}]},{\"@type\":\"ImageObject\",\"inLanguage\":\"en-US\",\"@id\":\"https:\/\/waterkaarten.app\/en\/commencez-votre-essai-gratuit\/#primaryimage\",\"url\":\"https:\/\/waterkaarten.app\/wp-content\/uploads\/2021\/09\/download-appstore.png\",\"contentUrl\":\"https:\/\/waterkaarten.app\/wp-content\/uploads\/2021\/09\/download-appstore.png\"},{\"@type\":\"BreadcrumbList\",\"@id\":\"https:\/\/waterkaarten.app\/en\/commencez-votre-essai-gratuit\/#breadcrumb\",\"itemListElement\":[{\"@type\":\"ListItem\",\"position\":1,\"name\":\"Home\",\"item\":\"https:\/\/waterkaarten.app\/en\/\"},{\"@type\":\"ListItem\",\"position\":2,\"name\":\"Commencez votre essai gratuit !\"}]},{\"@type\":\"WebSite\",\"@id\":\"https:\/\/waterkaarten.app\/en\/#website\",\"url\":\"https:\/\/waterkaarten.app\/en\/\",\"name\":\"Waterkaarten\",\"description\":\"Just another WordPress site\",\"publisher\":{\"@id\":\"https:\/\/waterkaarten.app\/en\/#organization\"},\"potentialAction\":[{\"@type\":\"SearchAction\",\"target\":{\"@type\":\"EntryPoint\",\"urlTemplate\":\"https:\/\/waterkaarten.app\/en\/?s={search_term_string}\"},\"query-input\":{\"@type\":\"PropertyValueSpecification\",\"valueRequired\":true,\"valueName\":\"search_term_string\"}}],\"inLanguage\":\"en-US\"},{\"@type\":\"Organization\",\"@id\":\"https:\/\/waterkaarten.app\/en\/#organization\",\"name\":\"Waterkaarten\",\"url\":\"https:\/\/waterkaarten.app\/en\/\",\"logo\":{\"@type\":\"ImageObject\",\"inLanguage\":\"en-US\",\"@id\":\"https:\/\/waterkaarten.app\/en\/#\/schema\/logo\/image\/\",\"url\":\"https:\/\/waterkaarten.app\/wp-content\/uploads\/2020\/01\/Screenshot-2020-01-21-at-10.58.51.png\",\"contentUrl\":\"https:\/\/waterkaarten.app\/wp-content\/uploads\/2020\/01\/Screenshot-2020-01-21-at-10.58.51.png\",\"width\":1852,\"height\":1852,\"caption\":\"Waterkaarten\"},\"image\":{\"@id\":\"https:\/\/waterkaarten.app\/en\/#\/schema\/logo\/image\/\"}}]}<\/script>\n<!-- \/ Yoast SEO plugin. -->","yoast_head_json":{"title":"Commencez votre essai gratuit ! - Waterkaarten","robots":{"index":"index","follow":"follow","max-snippet":"max-snippet:-1","max-image-preview":"max-image-preview:large","max-video-preview":"max-video-preview:-1"},"canonical":"https:\/\/waterkaarten.app\/en\/commencez-votre-essai-gratuit\/","og_locale":"en_US","og_type":"article","og_title":"Commencez votre essai gratuit ! - Waterkaarten","og_description":"Activez en 3 \u00e9tapes simples T\u00e9l\u00e9chargez l&#8217;application","og_url":"https:\/\/waterkaarten.app\/en\/commencez-votre-essai-gratuit\/","og_site_name":"Waterkaarten","article_modified_time":"2025-08-15T12:23:49+00:00","og_image":[{"url":"https:\/\/waterkaarten.app\/wp-content\/uploads\/2021\/09\/download-appstore.png","type":"","width":"","height":""}],"twitter_card":"summary_large_image","schema":{"@context":"https:\/\/schema.org","@graph":[{"@type":"WebPage","@id":"https:\/\/waterkaarten.app\/en\/commencez-votre-essai-gratuit\/","url":"https:\/\/waterkaarten.app\/en\/commencez-votre-essai-gratuit\/","name":"Commencez votre essai gratuit ! - Waterkaarten","isPartOf":{"@id":"https:\/\/waterkaarten.app\/en\/#website"},"primaryImageOfPage":{"@id":"https:\/\/waterkaarten.app\/en\/commencez-votre-essai-gratuit\/#primaryimage"},"image":{"@id":"https:\/\/waterkaarten.app\/en\/commencez-votre-essai-gratuit\/#primaryimage"},"thumbnailUrl":"https:\/\/waterkaarten.app\/wp-content\/uploads\/2021\/09\/download-appstore.png","datePublished":"2025-08-14T08:48:56+00:00","dateModified":"2025-08-15T12:23:49+00:00","breadcrumb":{"@id":"https:\/\/waterkaarten.app\/en\/commencez-votre-essai-gratuit\/#breadcrumb"},"inLanguage":"en-US","potentialAction":[{"@type":"ReadAction","target":["https:\/\/waterkaarten.app\/en\/commencez-votre-essai-gratuit\/"]}]},{"@type":"ImageObject","inLanguage":"en-US","@id":"https:\/\/waterkaarten.app\/en\/commencez-votre-essai-gratuit\/#primaryimage","url":"https:\/\/waterkaarten.app\/wp-content\/uploads\/2021\/09\/download-appstore.png","contentUrl":"https:\/\/waterkaarten.app\/wp-content\/uploads\/2021\/09\/download-appstore.png"},{"@type":"BreadcrumbList","@id":"https:\/\/waterkaarten.app\/en\/commencez-votre-essai-gratuit\/#breadcrumb","itemListElement":[{"@type":"ListItem","position":1,"name":"Home","item":"https:\/\/waterkaarten.app\/en\/"},{"@type":"ListItem","position":2,"name":"Commencez votre essai gratuit !"}]},{"@type":"WebSite","@id":"https:\/\/waterkaarten.app\/en\/#website","url":"https:\/\/waterkaarten.app\/en\/","name":"Waterkaarten","description":"Just another WordPress site","publisher":{"@id":"https:\/\/waterkaarten.app\/en\/#organization"},"potentialAction":[{"@type":"SearchAction","target":{"@type":"EntryPoint","urlTemplate":"https:\/\/waterkaarten.app\/en\/?s={search_term_string}"},"query-input":{"@type":"PropertyValueSpecification","valueRequired":true,"valueName":"search_term_string"}}],"inLanguage":"en-US"},{"@type":"Organization","@id":"https:\/\/waterkaarten.app\/en\/#organization","name":"Waterkaarten","url":"https:\/\/waterkaarten.app\/en\/","logo":{"@type":"ImageObject","inLanguage":"en-US","@id":"https:\/\/waterkaarten.app\/en\/#\/schema\/logo\/image\/","url":"https:\/\/waterkaarten.app\/wp-content\/uploads\/2020\/01\/Screenshot-2020-01-21-at-10.58.51.png","contentUrl":"https:\/\/waterkaarten.app\/wp-content\/uploads\/2020\/01\/Screenshot-2020-01-21-at-10.58.51.png","width":1852,"height":1852,"caption":"Waterkaarten"},"image":{"@id":"https:\/\/waterkaarten.app\/en\/#\/schema\/logo\/image\/"}}]}},"_links":{"self":[{"href":"https:\/\/waterkaarten.app\/en\/wp-json\/wp\/v2\/pages\/22897","targetHints":{"allow":["GET"]}}],"collection":[{"href":"https:\/\/waterkaarten.app\/en\/wp-json\/wp\/v2\/pages"}],"about":[{"href":"https:\/\/waterkaarten.app\/en\/wp-json\/wp\/v2\/types\/page"}],"author":[{"embeddable":true,"href":"https:\/\/waterkaarten.app\/en\/wp-json\/wp\/v2\/users\/4"}],"replies":[{"embeddable":true,"href":"https:\/\/waterkaarten.app\/en\/wp-json\/wp\/v2\/comments?post=22897"}],"version-history":[{"count":3,"href":"https:\/\/waterkaarten.app\/en\/wp-json\/wp\/v2\/pages\/22897\/revisions"}],"predecessor-version":[{"id":22904,"href":"https:\/\/waterkaarten.app\/en\/wp-json\/wp\/v2\/pages\/22897\/revisions\/22904"}],"wp:attachment":[{"href":"https:\/\/waterkaarten.app\/en\/wp-json\/wp\/v2\/media?parent=22897"}],"curies":[{"name":"wp","href":"https:\/\/api.w.org\/{rel}","templated":true}]}}