{"id":20324,"date":"2025-01-16T10:08:24","date_gmt":"2025-01-16T09:08:24","guid":{"rendered":"https:\/\/waterkaarten.app\/?page_id=20324"},"modified":"2025-01-16T11:26:43","modified_gmt":"2025-01-16T10:26:43","slug":"danemark","status":"publish","type":"page","link":"https:\/\/waterkaarten.app\/de\/danemark\/","title":{"rendered":"Die Waterkaarten-App segelt nach D\u00e4nemark!"},"content":{"rendered":"\n<figure class=\"wp-block-image size-large\" style=\"margin-top: -60px !important;\"><img decoding=\"async\" src=\"https:\/\/waterkaarten.app\/wp-content\/uploads\/2024\/12\/Blog-nov-24-12-1.png\" alt=\"Die Waterkaarten-App segelt nach D\u00e4nemark!\" class=\"wp-image-12632\"\/><\/figure>\n\n\n\n<p><strong>Nach der erfolgreichen Einf\u00fchrung von detaillierten Karten, Routen, Informationen \u00fcber Br\u00fccken und Schleusen und vielem mehr in Frankreich, erweitern wir von der Waterkaarten-App unseren Horizont weiter. Ab der kommenden Bootssaison k\u00f6nnen wir mit Stolz verk\u00fcnden, dass D\u00e4nemark zu unserer App hinzugef\u00fcgt wurde!<\/strong><\/p>\n\n\n\n<hr class=\"wp-block-separator has-alpha-channel-opacity\"\/>\n\n\n\n<h2 class=\"wp-block-heading has-text-align-center\" id=\"form\">Interessiert an D\u00e4nischen Wasserkarten?<\/h2>\n\n\n\n<p><strong>Hinterlass deine E-Mail-Adresse unten und sei der Erste, der erf\u00e4hrt, wenn D\u00e4nemark in der App ist!<\/strong><\/p>\n\n\n\n<p class=\"has-text-align-center\">\n<div class=\"wpcf7 no-js\" id=\"wpcf7-f19903-o1\" lang=\"nl-NL\" dir=\"ltr\" data-wpcf7-id=\"19903\">\n<div class=\"screen-reader-response\"><p role=\"status\" aria-live=\"polite\" aria-atomic=\"true\"><\/p> <ul><\/ul><\/div>\n<form action=\"\/de\/wp-json\/wp\/v2\/pages\/20324#wpcf7-f19903-o1\" method=\"post\" class=\"wpcf7-form init c60cf541863e cmatic-disconn cmatic-aud-32 cmatic-mapd0-0 cmatic-v0976 cmatic-sent-0 cmatic-total-0\" aria-label=\"Contact form\" novalidate=\"novalidate\" data-status=\"init\">\n<fieldset class=\"hidden-fields-container\"><input type=\"hidden\" name=\"_wpcf7\" value=\"19903\" \/><input type=\"hidden\" name=\"_wpcf7_version\" value=\"6.1.5\" \/><input type=\"hidden\" name=\"_wpcf7_locale\" value=\"nl_NL\" \/><input type=\"hidden\" name=\"_wpcf7_unit_tag\" value=\"wpcf7-f19903-o1\" \/><input type=\"hidden\" name=\"_wpcf7_container_post\" value=\"0\" \/><input type=\"hidden\" name=\"_wpcf7_posted_data_hash\" value=\"\" \/><input type=\"hidden\" name=\"_wpcf7_recaptcha_response\" value=\"\" \/>\n<\/fieldset>\n<p><span class=\"wpcf7-form-control-wrap\" data-name=\"email\"><input size=\"40\" maxlength=\"400\" class=\"wpcf7-form-control wpcf7-email wpcf7-validates-as-required wpcf7-text wpcf7-validates-as-email\" aria-required=\"true\" aria-invalid=\"false\" placeholder=\"Deine E-Mail Adresse...\" value=\"\" type=\"email\" name=\"email\" \/><\/span>\n<\/p>\n<div style=\"display:none;\">\n\t<p><span class=\"wpcf7-form-control-wrap\" data-name=\"language\"><input size=\"40\" maxlength=\"400\" class=\"wpcf7-form-control wpcf7-text\" aria-invalid=\"false\" value=\"de\" type=\"text\" name=\"language\" \/><\/span>\n\t<\/p>\n<\/div>\n<p><input class=\"wpcf7-form-control wpcf7-submit has-spinner\" type=\"submit\" value=\"Halte mich auf dem Laufenden\" \/>\n<\/p><p style=\"display: none !important;\" class=\"akismet-fields-container\" data-prefix=\"_wpcf7_ak_\"><label>&#916;<textarea name=\"_wpcf7_ak_hp_textarea\" cols=\"45\" rows=\"8\" maxlength=\"100\"><\/textarea><\/label><input type=\"hidden\" id=\"ak_js_1\" name=\"_wpcf7_ak_js\" value=\"207\"\/><script>document.getElementById( \"ak_js_1\" ).setAttribute( \"value\", ( new Date() ).getTime() );<\/script><\/p><div class=\"wpcf7-response-output\" aria-hidden=\"true\"><\/div>\n<\/form>\n<\/div>\n<\/p>\n\n\n\n<hr class=\"wp-block-separator has-alpha-channel-opacity\"\/>\n\n\n\n<p>D\u00e4nemark, mit seinen wundersch\u00f6nen Fjorden, unz\u00e4hligen Inseln und malerischen Hafenst\u00e4dtchen, ist ein Paradies zum Herumfahren. Segeln auf dem offenen Meer, zum Beispiel entlang der K\u00fcste von J\u00fctland, oder durch schmale Kan\u00e4le zwischen bunten H\u00e4usern, auf der Suche nach einem abgelegenen Ankerplatz. Das wird bald auch m\u00f6glich sein, unterst\u00fctzt durch unsere Navigation.<\/p>\n\n\n\n<h4 class=\"wp-block-heading\">Was kannst du in der d\u00e4nischen Version der App erwarten?<\/h4>\n\n\n\n<ul class=\"wp-block-list\">\n<li><strong>Detaillierte Karten: <\/strong>Segle mit Vertrauen \u00fcber die d\u00e4nischen Gew\u00e4sser dank unserer Daten<\/li>\n\n\n\n<li><strong>Routen:<\/strong> Plane deine eigenen Routen und entdecke die sch\u00f6nsten Touren, die D\u00e4nemark zu bieten hat<\/li>\n\n\n\n<li><strong>Br\u00fccken und Schleusen:<\/strong> Erhalte rechtzeitig Infos \u00fcber die Durchfahrtsh\u00f6hen<\/li>\n\n\n\n<li><strong>H\u00e4fen und Anlegestellen:<\/strong> Finde ganz einfach einen der vielen H\u00e4fen zum \u00dcbernachten, einschlie\u00dflich Telefonnummern<\/li>\n\n\n\n<li><strong>Community:<\/strong> Segle weiter in D\u00e4nemark mit aktuellen Bewertungen und n\u00fctzlichen Tipps von anderen Skippern<\/li>\n<\/ul>\n\n\n\n<h4 class=\"wp-block-heading\">Warum D\u00e4nemark?<\/h4>\n\n\n\n<p>Wir haben \u00fcberdurchschnittlich viele Anfragen erhalten, um D\u00e4nemark in unsere App aufzunehmen. D\u00e4nemark ist ein beliebtes Ziel f\u00fcr deutsche Wassersportler wegen der kurzen \u00dcberfahrt, der wundersch\u00f6nen Fahrm\u00f6glichkeiten und der Natur. Mit der Aufnahme D\u00e4nemarks in die Waterkaarten-App wird die Planung und Durchf\u00fchrung einer Reise in dieses sch\u00f6ne Land noch einfacher.<\/p>\n\n\n\n<h4 class=\"wp-block-heading\">Mach dich bereit f\u00fcr eine unvergessliche Bootssaison!<\/h4>\n\n\n\n<p>Wir laden dich nat\u00fcrlich herzlich ein, die d\u00e4nischen Gew\u00e4sser mit uns zu erkunden. Mit Beginn der Bootssaison 2025 werden alle Daten in die App eingepflegt und du kannst mit der Planung beginnen! Und wenn du dich entscheidest, nach D\u00e4nemark zu segeln: lass es uns wissen und halte uns auf dem Laufenden!<\/p>\n\n\n\n<hr class=\"wp-block-separator has-alpha-channel-opacity\"\/>\n\n\n\n<h4 class=\"wp-block-heading has-text-align-center\">Teste Waterkaarten jetzt 7 Tage lang kostenlos<\/h4>\n\n\n\n<div class=\"wp-block-buttons is-content-justification-center is-layout-flex wp-container-core-buttons-is-layout-16018d1d wp-block-buttons-is-layout-flex\">\n<div class=\"wp-block-button\"><a class=\"wp-block-button__link has-text-align-center wp-element-button\" href=\"https:\/\/waterkaarten.app\/de\/download-waterkaarten\/\">Download<\/a><\/div>\n<\/div>\n\n\n\n<hr class=\"wp-block-separator has-alpha-channel-opacity\"\/>\n","protected":false},"excerpt":{"rendered":"<p>Nach der erfolgreichen Einf\u00fchrung von detaillierten Karten, Routen, Informationen \u00fcber Br\u00fccken und Schleusen und vielem mehr in Frankreich, erweitern wir von der Waterkaarten-App unseren Horizont weiter. Ab der kommenden Bootssaison [&hellip;]<\/p>\n","protected":false},"author":1,"featured_media":0,"parent":0,"menu_order":0,"comment_status":"closed","ping_status":"closed","template":"","meta":{"_acf_changed":false,"footnotes":""},"class_list":["post-20324","page","type-page","status-publish","hentry"],"acf":[],"yoast_head":"<!-- This site is optimized with the Yoast SEO plugin v27.1.1 - https:\/\/yoast.com\/product\/yoast-seo-wordpress\/ -->\n<title>Die Waterkaarten-App segelt nach D\u00e4nemark! - Waterkaarten<\/title>\n<meta name=\"description\" content=\"Ab der kommenden Segelsaison k\u00f6nnen wir mit Stolz verk\u00fcnden, dass D\u00e4nemark in Die Waterkaarten-App aufgenommen wurde!\" \/>\n<meta name=\"robots\" content=\"index, follow, max-snippet:-1, max-image-preview:large, max-video-preview:-1\" \/>\n<link rel=\"canonical\" href=\"https:\/\/waterkaarten.app\/de\/danemark\/\" \/>\n<meta property=\"og:locale\" content=\"de_DE\" \/>\n<meta property=\"og:type\" content=\"article\" \/>\n<meta property=\"og:title\" content=\"Die Waterkaarten-App segelt nach D\u00e4nemark! - Waterkaarten\" \/>\n<meta property=\"og:description\" content=\"Ab der kommenden Segelsaison k\u00f6nnen wir mit Stolz verk\u00fcnden, dass D\u00e4nemark in Die Waterkaarten-App aufgenommen wurde!\" \/>\n<meta property=\"og:url\" content=\"https:\/\/waterkaarten.app\/de\/danemark\/\" \/>\n<meta property=\"og:site_name\" content=\"Waterkaarten\" \/>\n<meta property=\"article:modified_time\" content=\"2025-01-16T10:26:43+00:00\" \/>\n<meta property=\"og:image\" content=\"https:\/\/waterkaarten.app\/wp-content\/uploads\/2024\/12\/Blog-nov-24-12-1.png\" \/>\n<meta name=\"twitter:card\" content=\"summary_large_image\" \/>\n<meta name=\"twitter:label1\" content=\"Est. reading time\" \/>\n\t<meta name=\"twitter:data1\" content=\"2 minutes\" \/>\n<script type=\"application\/ld+json\" class=\"yoast-schema-graph\">{\"@context\":\"https:\/\/schema.org\",\"@graph\":[{\"@type\":\"WebPage\",\"@id\":\"https:\/\/waterkaarten.app\/de\/danemark\/\",\"url\":\"https:\/\/waterkaarten.app\/de\/danemark\/\",\"name\":\"Die Waterkaarten-App segelt nach D\u00e4nemark! - Waterkaarten\",\"isPartOf\":{\"@id\":\"https:\/\/waterkaarten.app\/de\/#website\"},\"primaryImageOfPage\":{\"@id\":\"https:\/\/waterkaarten.app\/de\/danemark\/#primaryimage\"},\"image\":{\"@id\":\"https:\/\/waterkaarten.app\/de\/danemark\/#primaryimage\"},\"thumbnailUrl\":\"https:\/\/waterkaarten.app\/wp-content\/uploads\/2024\/12\/Blog-nov-24-12-1.png\",\"datePublished\":\"2025-01-16T09:08:24+00:00\",\"dateModified\":\"2025-01-16T10:26:43+00:00\",\"description\":\"Ab der kommenden Segelsaison k\u00f6nnen wir mit Stolz verk\u00fcnden, dass D\u00e4nemark in Die Waterkaarten-App aufgenommen wurde!\",\"breadcrumb\":{\"@id\":\"https:\/\/waterkaarten.app\/de\/danemark\/#breadcrumb\"},\"inLanguage\":\"de-DE\",\"potentialAction\":[{\"@type\":\"ReadAction\",\"target\":[\"https:\/\/waterkaarten.app\/de\/danemark\/\"]}]},{\"@type\":\"ImageObject\",\"inLanguage\":\"de-DE\",\"@id\":\"https:\/\/waterkaarten.app\/de\/danemark\/#primaryimage\",\"url\":\"https:\/\/waterkaarten.app\/wp-content\/uploads\/2024\/12\/Blog-nov-24-12-1.png\",\"contentUrl\":\"https:\/\/waterkaarten.app\/wp-content\/uploads\/2024\/12\/Blog-nov-24-12-1.png\"},{\"@type\":\"BreadcrumbList\",\"@id\":\"https:\/\/waterkaarten.app\/de\/danemark\/#breadcrumb\",\"itemListElement\":[{\"@type\":\"ListItem\",\"position\":1,\"name\":\"Home\",\"item\":\"https:\/\/waterkaarten.app\/de\/\"},{\"@type\":\"ListItem\",\"position\":2,\"name\":\"Die Waterkaarten-App segelt nach D\u00e4nemark!\"}]},{\"@type\":\"WebSite\",\"@id\":\"https:\/\/waterkaarten.app\/de\/#website\",\"url\":\"https:\/\/waterkaarten.app\/de\/\",\"name\":\"Waterkaarten\",\"description\":\"Just another WordPress site\",\"publisher\":{\"@id\":\"https:\/\/waterkaarten.app\/de\/#organization\"},\"potentialAction\":[{\"@type\":\"SearchAction\",\"target\":{\"@type\":\"EntryPoint\",\"urlTemplate\":\"https:\/\/waterkaarten.app\/de\/?s={search_term_string}\"},\"query-input\":{\"@type\":\"PropertyValueSpecification\",\"valueRequired\":true,\"valueName\":\"search_term_string\"}}],\"inLanguage\":\"de-DE\"},{\"@type\":\"Organization\",\"@id\":\"https:\/\/waterkaarten.app\/de\/#organization\",\"name\":\"Waterkaarten\",\"url\":\"https:\/\/waterkaarten.app\/de\/\",\"logo\":{\"@type\":\"ImageObject\",\"inLanguage\":\"de-DE\",\"@id\":\"https:\/\/waterkaarten.app\/de\/#\/schema\/logo\/image\/\",\"url\":\"https:\/\/waterkaarten.app\/wp-content\/uploads\/2020\/01\/Screenshot-2020-01-21-at-10.58.51.png\",\"contentUrl\":\"https:\/\/waterkaarten.app\/wp-content\/uploads\/2020\/01\/Screenshot-2020-01-21-at-10.58.51.png\",\"width\":1852,\"height\":1852,\"caption\":\"Waterkaarten\"},\"image\":{\"@id\":\"https:\/\/waterkaarten.app\/de\/#\/schema\/logo\/image\/\"}}]}<\/script>\n<!-- \/ Yoast SEO plugin. -->","yoast_head_json":{"title":"Die Waterkaarten-App segelt nach D\u00e4nemark! - Waterkaarten","description":"Ab der kommenden Segelsaison k\u00f6nnen wir mit Stolz verk\u00fcnden, dass D\u00e4nemark in Die Waterkaarten-App aufgenommen wurde!","robots":{"index":"index","follow":"follow","max-snippet":"max-snippet:-1","max-image-preview":"max-image-preview:large","max-video-preview":"max-video-preview:-1"},"canonical":"https:\/\/waterkaarten.app\/de\/danemark\/","og_locale":"de_DE","og_type":"article","og_title":"Die Waterkaarten-App segelt nach D\u00e4nemark! - Waterkaarten","og_description":"Ab der kommenden Segelsaison k\u00f6nnen wir mit Stolz verk\u00fcnden, dass D\u00e4nemark in Die Waterkaarten-App aufgenommen wurde!","og_url":"https:\/\/waterkaarten.app\/de\/danemark\/","og_site_name":"Waterkaarten","article_modified_time":"2025-01-16T10:26:43+00:00","og_image":[{"url":"https:\/\/waterkaarten.app\/wp-content\/uploads\/2024\/12\/Blog-nov-24-12-1.png","type":"","width":"","height":""}],"twitter_card":"summary_large_image","twitter_misc":{"Est. reading time":"2 minutes"},"schema":{"@context":"https:\/\/schema.org","@graph":[{"@type":"WebPage","@id":"https:\/\/waterkaarten.app\/de\/danemark\/","url":"https:\/\/waterkaarten.app\/de\/danemark\/","name":"Die Waterkaarten-App segelt nach D\u00e4nemark! - Waterkaarten","isPartOf":{"@id":"https:\/\/waterkaarten.app\/de\/#website"},"primaryImageOfPage":{"@id":"https:\/\/waterkaarten.app\/de\/danemark\/#primaryimage"},"image":{"@id":"https:\/\/waterkaarten.app\/de\/danemark\/#primaryimage"},"thumbnailUrl":"https:\/\/waterkaarten.app\/wp-content\/uploads\/2024\/12\/Blog-nov-24-12-1.png","datePublished":"2025-01-16T09:08:24+00:00","dateModified":"2025-01-16T10:26:43+00:00","description":"Ab der kommenden Segelsaison k\u00f6nnen wir mit Stolz verk\u00fcnden, dass D\u00e4nemark in Die Waterkaarten-App aufgenommen wurde!","breadcrumb":{"@id":"https:\/\/waterkaarten.app\/de\/danemark\/#breadcrumb"},"inLanguage":"de-DE","potentialAction":[{"@type":"ReadAction","target":["https:\/\/waterkaarten.app\/de\/danemark\/"]}]},{"@type":"ImageObject","inLanguage":"de-DE","@id":"https:\/\/waterkaarten.app\/de\/danemark\/#primaryimage","url":"https:\/\/waterkaarten.app\/wp-content\/uploads\/2024\/12\/Blog-nov-24-12-1.png","contentUrl":"https:\/\/waterkaarten.app\/wp-content\/uploads\/2024\/12\/Blog-nov-24-12-1.png"},{"@type":"BreadcrumbList","@id":"https:\/\/waterkaarten.app\/de\/danemark\/#breadcrumb","itemListElement":[{"@type":"ListItem","position":1,"name":"Home","item":"https:\/\/waterkaarten.app\/de\/"},{"@type":"ListItem","position":2,"name":"Die Waterkaarten-App segelt nach D\u00e4nemark!"}]},{"@type":"WebSite","@id":"https:\/\/waterkaarten.app\/de\/#website","url":"https:\/\/waterkaarten.app\/de\/","name":"Waterkaarten","description":"Just another WordPress site","publisher":{"@id":"https:\/\/waterkaarten.app\/de\/#organization"},"potentialAction":[{"@type":"SearchAction","target":{"@type":"EntryPoint","urlTemplate":"https:\/\/waterkaarten.app\/de\/?s={search_term_string}"},"query-input":{"@type":"PropertyValueSpecification","valueRequired":true,"valueName":"search_term_string"}}],"inLanguage":"de-DE"},{"@type":"Organization","@id":"https:\/\/waterkaarten.app\/de\/#organization","name":"Waterkaarten","url":"https:\/\/waterkaarten.app\/de\/","logo":{"@type":"ImageObject","inLanguage":"de-DE","@id":"https:\/\/waterkaarten.app\/de\/#\/schema\/logo\/image\/","url":"https:\/\/waterkaarten.app\/wp-content\/uploads\/2020\/01\/Screenshot-2020-01-21-at-10.58.51.png","contentUrl":"https:\/\/waterkaarten.app\/wp-content\/uploads\/2020\/01\/Screenshot-2020-01-21-at-10.58.51.png","width":1852,"height":1852,"caption":"Waterkaarten"},"image":{"@id":"https:\/\/waterkaarten.app\/de\/#\/schema\/logo\/image\/"}}]}},"_links":{"self":[{"href":"https:\/\/waterkaarten.app\/de\/wp-json\/wp\/v2\/pages\/20324","targetHints":{"allow":["GET"]}}],"collection":[{"href":"https:\/\/waterkaarten.app\/de\/wp-json\/wp\/v2\/pages"}],"about":[{"href":"https:\/\/waterkaarten.app\/de\/wp-json\/wp\/v2\/types\/page"}],"author":[{"embeddable":true,"href":"https:\/\/waterkaarten.app\/de\/wp-json\/wp\/v2\/users\/1"}],"replies":[{"embeddable":true,"href":"https:\/\/waterkaarten.app\/de\/wp-json\/wp\/v2\/comments?post=20324"}],"version-history":[{"count":7,"href":"https:\/\/waterkaarten.app\/de\/wp-json\/wp\/v2\/pages\/20324\/revisions"}],"predecessor-version":[{"id":20368,"href":"https:\/\/waterkaarten.app\/de\/wp-json\/wp\/v2\/pages\/20324\/revisions\/20368"}],"wp:attachment":[{"href":"https:\/\/waterkaarten.app\/de\/wp-json\/wp\/v2\/media?parent=20324"}],"curies":[{"name":"wp","href":"https:\/\/api.w.org\/{rel}","templated":true}]}}