{"id":1861,"date":"2020-02-05T13:08:45","date_gmt":"2020-02-05T12:08:45","guid":{"rendered":"https:\/\/test-waterkaarten.themobilecompany.com\/?page_id=1861"},"modified":"2020-02-26T09:49:12","modified_gmt":"2020-02-26T08:49:12","slug":"die-waterkaarten-version-fuer-windows-computer","status":"publish","type":"page","link":"https:\/\/waterkaarten.app\/de\/die-waterkaarten-version-fuer-windows-computer\/","title":{"rendered":"Die Wasserkarten-Version f\u00fcr Windows-Computer"},"content":{"rendered":"\n<h2 class=\"wp-block-heading\">Alle Gew\u00e4sserkarten und Informationen auf deinem Rechner<\/h2>\n\n\n\n<p>Mit der Wasserkarten-Software f\u00fcr Windows hast du alle aktuellen Karten und Infos zu H\u00e4fen, Schleusen und Br\u00fccken auf dem PC.<\/p>\n\n\n\n<p>Dabei arbeiten App und PC-Software nahtlos zusammen. <\/p>\n\n\n\n<p>Das Beste: Du brauchst <strong>nur eine Lizenz<\/strong>, um Wasserkarten dreifach zu nutzen. Die App hast du auf Smartphone und Tablet immer dabei. Zu Hause nutzt du bequem die Software-Version auf dem Computer. <\/p>\n\n\n\n<p>Plan deine Bootsfahrt in Ruhe auf dem PC und ruf die Route \u00fcber die App auf. Und wenn du die Software mit dem GPS an Bord verbindest, verwandelt sich dein Laptop in ein Navigationssystem!<\/p>\n\n\n\n<p>Die Wasserkarten-Software ist derzeit f\u00fcr Windows erh\u00e4ltlich. Bis Ende 2020 wird es auch eine Mac-Version geben. Au\u00dferdem wird es bald m\u00f6glich sein, die Software mit AIS zu verkn\u00fcpfen.<\/p>\n\n\n\n<p>Alle Vorteile der App gelten nat\u00fcrlich auch f\u00fcr die Softwareversion:<\/p>\n\n\n\n<ul class=\"wp-block-list\"><li>Alle Informationen in einem einzigen Programm<\/li><li> Plan deine Reise und speichere gefahrene Routen  <\/li><li> Aktuelle Updates zu Karten, Sehensw\u00fcrdigkeiten und Verkehrsproblemen<\/li><li> Offline nutzbar  <\/li><li> Mit einem einzigen Abonnement auf bis zu 3 Ger\u00e4ten nutzbar <\/li><\/ul>\n","protected":false},"excerpt":{"rendered":"<p>Alle Gew\u00e4sserkarten und Informationen auf deinem Rechner Mit der Wasserkarten-Software f\u00fcr Windows hast du alle aktuellen Karten und Infos zu H\u00e4fen, Schleusen und Br\u00fccken auf dem PC. Dabei arbeiten App [&hellip;]<\/p>\n","protected":false},"author":1,"featured_media":0,"parent":0,"menu_order":0,"comment_status":"closed","ping_status":"closed","template":"","meta":{"_acf_changed":false,"footnotes":""},"class_list":["post-1861","page","type-page","status-publish","hentry"],"acf":[],"yoast_head":"<!-- This site is optimized with the Yoast SEO plugin v27.1.1 - https:\/\/yoast.com\/product\/yoast-seo-wordpress\/ -->\n<title>Die Wasserkarten-Version f\u00fcr Windows-Computer - Waterkaarten<\/title>\n<meta name=\"robots\" content=\"index, follow, max-snippet:-1, max-image-preview:large, max-video-preview:-1\" \/>\n<link rel=\"canonical\" href=\"https:\/\/waterkaarten.app\/de\/die-waterkaarten-version-fuer-windows-computer\/\" \/>\n<meta property=\"og:locale\" content=\"de_DE\" \/>\n<meta property=\"og:type\" content=\"article\" \/>\n<meta property=\"og:title\" content=\"Die Wasserkarten-Version f\u00fcr Windows-Computer - Waterkaarten\" \/>\n<meta property=\"og:description\" content=\"Alle Gew\u00e4sserkarten und Informationen auf deinem Rechner Mit der Wasserkarten-Software f\u00fcr Windows hast du alle aktuellen Karten und Infos zu H\u00e4fen, Schleusen und Br\u00fccken auf dem PC. Dabei arbeiten App [&hellip;]\" \/>\n<meta property=\"og:url\" content=\"https:\/\/waterkaarten.app\/de\/die-waterkaarten-version-fuer-windows-computer\/\" \/>\n<meta property=\"og:site_name\" content=\"Waterkaarten\" \/>\n<meta property=\"article:modified_time\" content=\"2020-02-26T08:49:12+00:00\" \/>\n<meta name=\"twitter:card\" content=\"summary_large_image\" \/>\n<meta name=\"twitter:label1\" content=\"Est. reading time\" \/>\n\t<meta name=\"twitter:data1\" content=\"1 minute\" \/>\n<script type=\"application\/ld+json\" class=\"yoast-schema-graph\">{\"@context\":\"https:\/\/schema.org\",\"@graph\":[{\"@type\":\"WebPage\",\"@id\":\"https:\/\/waterkaarten.app\/de\/die-waterkaarten-version-fuer-windows-computer\/\",\"url\":\"https:\/\/waterkaarten.app\/de\/die-waterkaarten-version-fuer-windows-computer\/\",\"name\":\"Die Wasserkarten-Version f\u00fcr Windows-Computer - Waterkaarten\",\"isPartOf\":{\"@id\":\"https:\/\/waterkaarten.app\/de\/#website\"},\"datePublished\":\"2020-02-05T12:08:45+00:00\",\"dateModified\":\"2020-02-26T08:49:12+00:00\",\"breadcrumb\":{\"@id\":\"https:\/\/waterkaarten.app\/de\/die-waterkaarten-version-fuer-windows-computer\/#breadcrumb\"},\"inLanguage\":\"de-DE\",\"potentialAction\":[{\"@type\":\"ReadAction\",\"target\":[\"https:\/\/waterkaarten.app\/de\/die-waterkaarten-version-fuer-windows-computer\/\"]}]},{\"@type\":\"BreadcrumbList\",\"@id\":\"https:\/\/waterkaarten.app\/de\/die-waterkaarten-version-fuer-windows-computer\/#breadcrumb\",\"itemListElement\":[{\"@type\":\"ListItem\",\"position\":1,\"name\":\"Home\",\"item\":\"https:\/\/waterkaarten.app\/de\/\"},{\"@type\":\"ListItem\",\"position\":2,\"name\":\"Die Wasserkarten-Version f\u00fcr Windows-Computer\"}]},{\"@type\":\"WebSite\",\"@id\":\"https:\/\/waterkaarten.app\/de\/#website\",\"url\":\"https:\/\/waterkaarten.app\/de\/\",\"name\":\"Waterkaarten\",\"description\":\"Just another WordPress site\",\"publisher\":{\"@id\":\"https:\/\/waterkaarten.app\/de\/#organization\"},\"potentialAction\":[{\"@type\":\"SearchAction\",\"target\":{\"@type\":\"EntryPoint\",\"urlTemplate\":\"https:\/\/waterkaarten.app\/de\/?s={search_term_string}\"},\"query-input\":{\"@type\":\"PropertyValueSpecification\",\"valueRequired\":true,\"valueName\":\"search_term_string\"}}],\"inLanguage\":\"de-DE\"},{\"@type\":\"Organization\",\"@id\":\"https:\/\/waterkaarten.app\/de\/#organization\",\"name\":\"Waterkaarten\",\"url\":\"https:\/\/waterkaarten.app\/de\/\",\"logo\":{\"@type\":\"ImageObject\",\"inLanguage\":\"de-DE\",\"@id\":\"https:\/\/waterkaarten.app\/de\/#\/schema\/logo\/image\/\",\"url\":\"https:\/\/waterkaarten.app\/wp-content\/uploads\/2020\/01\/Screenshot-2020-01-21-at-10.58.51.png\",\"contentUrl\":\"https:\/\/waterkaarten.app\/wp-content\/uploads\/2020\/01\/Screenshot-2020-01-21-at-10.58.51.png\",\"width\":1852,\"height\":1852,\"caption\":\"Waterkaarten\"},\"image\":{\"@id\":\"https:\/\/waterkaarten.app\/de\/#\/schema\/logo\/image\/\"}}]}<\/script>\n<!-- \/ Yoast SEO plugin. -->","yoast_head_json":{"title":"Die Wasserkarten-Version f\u00fcr Windows-Computer - Waterkaarten","robots":{"index":"index","follow":"follow","max-snippet":"max-snippet:-1","max-image-preview":"max-image-preview:large","max-video-preview":"max-video-preview:-1"},"canonical":"https:\/\/waterkaarten.app\/de\/die-waterkaarten-version-fuer-windows-computer\/","og_locale":"de_DE","og_type":"article","og_title":"Die Wasserkarten-Version f\u00fcr Windows-Computer - Waterkaarten","og_description":"Alle Gew\u00e4sserkarten und Informationen auf deinem Rechner Mit der Wasserkarten-Software f\u00fcr Windows hast du alle aktuellen Karten und Infos zu H\u00e4fen, Schleusen und Br\u00fccken auf dem PC. Dabei arbeiten App [&hellip;]","og_url":"https:\/\/waterkaarten.app\/de\/die-waterkaarten-version-fuer-windows-computer\/","og_site_name":"Waterkaarten","article_modified_time":"2020-02-26T08:49:12+00:00","twitter_card":"summary_large_image","twitter_misc":{"Est. reading time":"1 minute"},"schema":{"@context":"https:\/\/schema.org","@graph":[{"@type":"WebPage","@id":"https:\/\/waterkaarten.app\/de\/die-waterkaarten-version-fuer-windows-computer\/","url":"https:\/\/waterkaarten.app\/de\/die-waterkaarten-version-fuer-windows-computer\/","name":"Die Wasserkarten-Version f\u00fcr Windows-Computer - Waterkaarten","isPartOf":{"@id":"https:\/\/waterkaarten.app\/de\/#website"},"datePublished":"2020-02-05T12:08:45+00:00","dateModified":"2020-02-26T08:49:12+00:00","breadcrumb":{"@id":"https:\/\/waterkaarten.app\/de\/die-waterkaarten-version-fuer-windows-computer\/#breadcrumb"},"inLanguage":"de-DE","potentialAction":[{"@type":"ReadAction","target":["https:\/\/waterkaarten.app\/de\/die-waterkaarten-version-fuer-windows-computer\/"]}]},{"@type":"BreadcrumbList","@id":"https:\/\/waterkaarten.app\/de\/die-waterkaarten-version-fuer-windows-computer\/#breadcrumb","itemListElement":[{"@type":"ListItem","position":1,"name":"Home","item":"https:\/\/waterkaarten.app\/de\/"},{"@type":"ListItem","position":2,"name":"Die Wasserkarten-Version f\u00fcr Windows-Computer"}]},{"@type":"WebSite","@id":"https:\/\/waterkaarten.app\/de\/#website","url":"https:\/\/waterkaarten.app\/de\/","name":"Waterkaarten","description":"Just another WordPress site","publisher":{"@id":"https:\/\/waterkaarten.app\/de\/#organization"},"potentialAction":[{"@type":"SearchAction","target":{"@type":"EntryPoint","urlTemplate":"https:\/\/waterkaarten.app\/de\/?s={search_term_string}"},"query-input":{"@type":"PropertyValueSpecification","valueRequired":true,"valueName":"search_term_string"}}],"inLanguage":"de-DE"},{"@type":"Organization","@id":"https:\/\/waterkaarten.app\/de\/#organization","name":"Waterkaarten","url":"https:\/\/waterkaarten.app\/de\/","logo":{"@type":"ImageObject","inLanguage":"de-DE","@id":"https:\/\/waterkaarten.app\/de\/#\/schema\/logo\/image\/","url":"https:\/\/waterkaarten.app\/wp-content\/uploads\/2020\/01\/Screenshot-2020-01-21-at-10.58.51.png","contentUrl":"https:\/\/waterkaarten.app\/wp-content\/uploads\/2020\/01\/Screenshot-2020-01-21-at-10.58.51.png","width":1852,"height":1852,"caption":"Waterkaarten"},"image":{"@id":"https:\/\/waterkaarten.app\/de\/#\/schema\/logo\/image\/"}}]}},"_links":{"self":[{"href":"https:\/\/waterkaarten.app\/de\/wp-json\/wp\/v2\/pages\/1861","targetHints":{"allow":["GET"]}}],"collection":[{"href":"https:\/\/waterkaarten.app\/de\/wp-json\/wp\/v2\/pages"}],"about":[{"href":"https:\/\/waterkaarten.app\/de\/wp-json\/wp\/v2\/types\/page"}],"author":[{"embeddable":true,"href":"https:\/\/waterkaarten.app\/de\/wp-json\/wp\/v2\/users\/1"}],"replies":[{"embeddable":true,"href":"https:\/\/waterkaarten.app\/de\/wp-json\/wp\/v2\/comments?post=1861"}],"version-history":[{"count":3,"href":"https:\/\/waterkaarten.app\/de\/wp-json\/wp\/v2\/pages\/1861\/revisions"}],"predecessor-version":[{"id":2101,"href":"https:\/\/waterkaarten.app\/de\/wp-json\/wp\/v2\/pages\/1861\/revisions\/2101"}],"wp:attachment":[{"href":"https:\/\/waterkaarten.app\/de\/wp-json\/wp\/v2\/media?parent=1861"}],"curies":[{"name":"wp","href":"https:\/\/api.w.org\/{rel}","templated":true}]}}